{"id":5064,"date":"2021-03-17T13:44:45","date_gmt":"2021-03-17T13:44:45","guid":{"rendered":"http:\/\/creativencore.com\/NCCLegal\/?page_id=5064"},"modified":"2021-03-23T13:49:23","modified_gmt":"2021-03-23T13:49:23","slug":"algemene-voorwaarden-2","status":"publish","type":"page","link":"https:\/\/ncclegal.com\/es\/algemene-voorwaarden-2\/","title":{"rendered":"Aviso legal"},"content":{"rendered":"<div data-elementor-type=\"wp-page\" data-elementor-id=\"5064\" class=\"elementor elementor-5064\" data-elementor-settings=\"[]\">\n\t\t\t\t\t\t<div class=\"elementor-inner\">\n\t\t\t\t\t\t\t<div class=\"elementor-section-wrap\">\n\t\t\t\t\t\t\t<div class=\"elementor-section elementor-top-section elementor-element elementor-element-571141f elementor-section-boxed elementor-section-height-default elementor-section-height-default\" data-id=\"571141f\" data-element_type=\"section\" data-settings=\"{&quot;background_background&quot;:&quot;classic&quot;}\">\n\t\t\t\t\t\t\t<div class=\"elementor-background-overlay\"><\/div>\n\t\t\t\t\t\t\t<div class=\"elementor-container elementor-column-gap-default\">\n\t\t\t\t\t\t\t<div class=\"elementor-row\">\n\t\t\t\t\t<div class=\"elementor-column elementor-col-100 elementor-top-column elementor-element elementor-element-faa6fb3\" data-id=\"faa6fb3\" data-element_type=\"column\">\n\t\t\t<div class=\"elementor-column-wrap elementor-element-populated\">\n\t\t\t\t\t\t\t<div class=\"elementor-widget-wrap\">\n\t\t\t\t\t\t<div class=\"elementor-element elementor-element-6274f31 elementor-widget elementor-widget-heading\" data-id=\"6274f31\" data-element_type=\"widget\" data-settings=\"{&quot;ekit_we_effect_on&quot;:&quot;none&quot;}\" data-widget_type=\"heading.default\">\n\t\t\t\t<div class=\"elementor-widget-container\">\n\t\t\t<h1 class=\"elementor-heading-title elementor-size-xl\">Aviso legal<\/h1>\t\t<\/div>\n\t\t\t\t<\/div>\n\t\t\t\t\t\t<\/div>\n\t\t\t\t\t<\/div>\n\t\t<\/div>\n\t\t\t\t\t\t\t\t<\/div>\n\t\t\t\t\t<\/div>\n\t\t<\/div>\n\t\t\t\t<section class=\"elementor-section elementor-top-section elementor-element elementor-element-1494a1a elementor-section-boxed elementor-section-height-default elementor-section-height-default\" data-id=\"1494a1a\" data-element_type=\"section\">\n\t\t\t\t\t\t<div class=\"elementor-container elementor-column-gap-default\">\n\t\t\t\t\t\t\t<div class=\"elementor-row\">\n\t\t\t\t\t<div class=\"elementor-column elementor-col-100 elementor-top-column elementor-element elementor-element-3a9dab0\" data-id=\"3a9dab0\" data-element_type=\"column\">\n\t\t\t<div class=\"elementor-column-wrap elementor-element-populated\">\n\t\t\t\t\t\t\t<div class=\"elementor-widget-wrap\">\n\t\t\t\t\t\t<div class=\"elementor-element elementor-element-4109a0d elementor-widget elementor-widget-text-editor\" data-id=\"4109a0d\" data-element_type=\"widget\" data-settings=\"{&quot;ekit_we_effect_on&quot;:&quot;none&quot;}\" data-widget_type=\"text-editor.default\">\n\t\t\t\t<div class=\"elementor-widget-container\">\n\t\t\t\t\t\t\t\t<div class=\"elementor-text-editor elementor-clearfix\">\n\t\t\t\t<h1><strong>Aviso legal<\/strong><\/h1><p>\u00a0<\/p><p class=\" translation-block\"><span style=\"color: #003366\"><strong>Correo electr\u00f3nico<\/strong><\/span>\u2013 Entre otros modos, nos puede contactar por correo electr\u00f3nico. Sin embargo, el env\u00edo y la recepci\u00f3n de mensajes por correo electr\u00f3nico nunca son 100% seguros. Usted acepta el riesgo de que la informaci\u00f3n (confidencial y\/o sensible) sea conocida por terceros si nos la env\u00eda por correo electr\u00f3nico sin encriptaci\u00f3n.<\/p><p class=\" translation-block\"><span style=\"color: #003366\"><strong>Sin responsabilidad<\/strong><\/span> \u2013 NCC Legal no garantiza que el uso de la informaci\u00f3n proporcionada en este sitio web no infrinja los derechos de terceros. NCC Legal, ni sus empleados, ni sus socios, no son bajo ninguna circunstancia responsables de cualquier da\u00f1o, directo o indirecto, que surja y\/o resulte de cualquier manera por el uso de la (informaci\u00f3n de esta) p\u00e1gina web.<\/p><p class=\" translation-block\"><span style=\"color: #003366\"><strong>Sin garant\u00edas <\/strong><\/span> \u2013 La informaci\u00f3n de este sitio web es proporcionada por NCC Legal como un servicio a sus clientes. La informaci\u00f3n proporcionada en este sitio web no se debe interpretar como asesor\u00eda legal. A pesar de que NCC Legal pone el mayor cuidado posible en la composici\u00f3n del contenido de esta p\u00e1gina web, no puede garantizar que esta informaci\u00f3n sea siempre correcta o completa. NCC Legal no garantiza que el uso de la informaci\u00f3n proporcionada conduzca a resultados correctos o que sea adecuada para fines espec\u00edficos.<\/p><p class=\" translation-block\"><span style=\"color: #003366\"><strong>Cambios<\/strong><\/span> - El contenido de la p\u00e1gina web de NCC Legal est\u00e1 sujeto a cambios en cualquier momento. NCC Legal no tiene la obligaci\u00f3n de mantener la informaci\u00f3n del sitio web actualizada. Antes de tomar una decisi\u00f3n o realizar cualquier acci\u00f3n basada en la informaci\u00f3n de la p\u00e1gina web, le recomendamos que se ponga en contacto con NCC Legal. Si tiene alguna duda sobre la informaci\u00f3n proporcionada en este sitio web, desde luego usted siempre puede entrar en contacto con nosotros.<\/p><p class=\" translation-block\"><span style=\"color: #003366\"><strong>Hiperv\u00ednculos<\/strong><\/span> - Los hiperv\u00ednculos de esta p\u00e1gina web le pueden llevar a p\u00e1ginas web mantenidas por terceros sobre las cuales NCC Legal no tiene ning\u00fan control. NCC Legal no garantiza la exactitud o integridad de la informaci\u00f3n de estas p\u00e1ginas web. La presencia de hiperv\u00ednculos a p\u00e1ginas web de terceros no significa que NCC Legal patrocine o apruebe el contenido.<\/p>\t\t\t\t\t<\/div>\n\t\t\t\t\t\t<\/div>\n\t\t\t\t<\/div>\n\t\t\t\t\t\t<\/div>\n\t\t\t\t\t<\/div>\n\t\t<\/div>\n\t\t\t\t\t\t\t\t<\/div>\n\t\t\t\t\t<\/div>\n\t\t<\/section>\n\t\t\t\t\t\t<\/div>\n\t\t\t\t\t\t<\/div>\n\t\t\t\t\t<\/div>","protected":false},"excerpt":{"rendered":"<p>Disclaimer Disclaimer \u00a0 E-mail &#8211; We can be reached by e-mail, among other things. However, sending and receiving email messages is never 100% secure. You accept the risk that (confidential and\/or sensitive) information will become known to third parties if you send it to us by e-mail without encryption. No Liability &#8211; NCC Legal makes [&hellip;]<\/p>","protected":false},"author":1,"featured_media":0,"parent":0,"menu_order":0,"comment_status":"closed","ping_status":"closed","template":"","meta":[],"_links":{"self":[{"href":"https:\/\/ncclegal.com\/es\/wp-json\/wp\/v2\/pages\/5064"}],"collection":[{"href":"https:\/\/ncclegal.com\/es\/wp-json\/wp\/v2\/pages"}],"about":[{"href":"https:\/\/ncclegal.com\/es\/wp-json\/wp\/v2\/types\/page"}],"author":[{"embeddable":true,"href":"https:\/\/ncclegal.com\/es\/wp-json\/wp\/v2\/users\/1"}],"replies":[{"embeddable":true,"href":"https:\/\/ncclegal.com\/es\/wp-json\/wp\/v2\/comments?post=5064"}],"version-history":[{"count":10,"href":"https:\/\/ncclegal.com\/es\/wp-json\/wp\/v2\/pages\/5064\/revisions"}],"predecessor-version":[{"id":5251,"href":"https:\/\/ncclegal.com\/es\/wp-json\/wp\/v2\/pages\/5064\/revisions\/5251"}],"wp:attachment":[{"href":"https:\/\/ncclegal.com\/es\/wp-json\/wp\/v2\/media?parent=5064"}],"curies":[{"name":"wp","href":"https:\/\/api.w.org\/{rel}","templated":true}]}}