{"id":3,"date":"2020-01-22T12:12:48","date_gmt":"2020-01-22T12:12:48","guid":{"rendered":"http:\/\/localhost\/panel\/xpeedstudio\/wp\/privsa\/?page_id=3"},"modified":"2021-03-23T13:47:23","modified_gmt":"2021-03-23T13:47:23","slug":"privacy-policy","status":"publish","type":"page","link":"https:\/\/ncclegal.com\/es\/privacy-policy\/","title":{"rendered":"Pol\u00edtica de privacidad"},"content":{"rendered":"<div data-elementor-type=\"wp-page\" data-elementor-id=\"3\" class=\"elementor elementor-3\" data-elementor-settings=\"[]\">\n\t\t\t\t\t\t<div class=\"elementor-inner\">\n\t\t\t\t\t\t\t<div class=\"elementor-section-wrap\">\n\t\t\t\t\t\t\t<div class=\"elementor-section elementor-top-section elementor-element elementor-element-9e1019c elementor-section-boxed elementor-section-height-default elementor-section-height-default\" data-id=\"9e1019c\" data-element_type=\"section\" data-settings=\"{&quot;background_background&quot;:&quot;classic&quot;}\">\n\t\t\t\t\t\t\t<div class=\"elementor-background-overlay\"><\/div>\n\t\t\t\t\t\t\t<div class=\"elementor-container elementor-column-gap-default\">\n\t\t\t\t\t\t\t<div class=\"elementor-row\">\n\t\t\t\t\t<div class=\"elementor-column elementor-col-100 elementor-top-column elementor-element elementor-element-5605654\" data-id=\"5605654\" data-element_type=\"column\">\n\t\t\t<div class=\"elementor-column-wrap elementor-element-populated\">\n\t\t\t\t\t\t\t<div class=\"elementor-widget-wrap\">\n\t\t\t\t\t\t<div class=\"elementor-element elementor-element-c27563d elementor-widget elementor-widget-heading\" data-id=\"c27563d\" data-element_type=\"widget\" data-settings=\"{&quot;ekit_we_effect_on&quot;:&quot;none&quot;}\" data-widget_type=\"heading.default\">\n\t\t\t\t<div class=\"elementor-widget-container\">\n\t\t\t<h1 class=\"elementor-heading-title elementor-size-xl\">Pol\u00edtica de privacidad<\/h1>\t\t<\/div>\n\t\t\t\t<\/div>\n\t\t\t\t\t\t<\/div>\n\t\t\t\t\t<\/div>\n\t\t<\/div>\n\t\t\t\t\t\t\t\t<\/div>\n\t\t\t\t\t<\/div>\n\t\t<\/div>\n\t\t\t\t<section class=\"elementor-section elementor-top-section elementor-element elementor-element-3a5bb365 elementor-section-boxed elementor-section-height-default elementor-section-height-default\" data-id=\"3a5bb365\" data-element_type=\"section\">\n\t\t\t\t\t\t<div class=\"elementor-container elementor-column-gap-default\">\n\t\t\t\t\t\t\t<div class=\"elementor-row\">\n\t\t\t\t\t<div class=\"elementor-column elementor-col-100 elementor-top-column elementor-element elementor-element-3e974005\" data-id=\"3e974005\" data-element_type=\"column\">\n\t\t\t<div class=\"elementor-column-wrap elementor-element-populated\">\n\t\t\t\t\t\t\t<div class=\"elementor-widget-wrap\">\n\t\t\t\t\t\t<div class=\"elementor-element elementor-element-6f9f63d6 elementor-widget elementor-widget-text-editor\" data-id=\"6f9f63d6\" data-element_type=\"widget\" data-settings=\"{&quot;ekit_we_effect_on&quot;:&quot;none&quot;}\" data-widget_type=\"text-editor.default\">\n\t\t\t\t<div class=\"elementor-widget-container\">\n\t\t\t\t\t\t\t\t<div class=\"elementor-text-editor elementor-clearfix\">\n\t\t\t\t<p><!-- wp:heading --><!-- \/wp:paragraph --><!-- wp:heading --><\/p>\n<h3>Pol\u00edtica de privacidad<br \/><br \/><\/h3>\n<p>\u00daltima actualizaci\u00f3n: 16 de febrero de 2021<\/p>\n<p class=\" translation-block\">Esta Pol\u00edtica de Privacidad describe nuestras pol\u00edticas y procedimientos sobre la recopilaci\u00f3n, uso y divulgaci\u00f3n de su informaci\u00f3n cuando usted utilice el Servicio y le informa sobre sus derechos de privacidad y c\u00f3mo le protege la ley.<\/p>\n<p class=\" translation-block\">Utilizamos sus datos personales para proporcionar y mejorar el servicio. Al utilizar el Servicio, usted acepta la recopilaci\u00f3n y el uso de la informaci\u00f3n de acuerdo con esta Pol\u00edtica de Privacidad. Esta Pol\u00edtica de Privacidad ha sido creada con la ayuda del Generador de Pol\u00edticas de Privacidad] (https:\/\/www.privacypolicies.com\/privacy-policy-generator\/).<\/p>\n<p>\u00a0<\/p>\n<h2>\u2013 Interpretaci\u00f3n y Definiciones \u2013<\/h2>\n<p>\u00a0<\/p>\n<h3>Interpretaci\u00f3n:<\/h3>\n<p class=\" translation-block\">Las palabras cuya letra inicial est\u00e1 en may\u00fascula tienen un significado concreto \n\nen las siguientes condiciones. Las siguientes definiciones tendr\u00e1n el mismo \n\nsignificado independientemente de que aparezcan en singular o en plural.<\/p>\n<h3>Definiciones:<\/h3>\n<p>A efectos de esta Pol\u00edtica de Privacidad:<\/p>\n<p class=\" translation-block\">* Cuenta significa una cuenta \u00fanica creada para Usted para acceder a nuestro Servicio o a partes de nuestro Servicio.<\/p>\n<p>* Compa\u00f1\u00eda (referida a \"la Compa\u00f1\u00eda\", \"Nosotros\" o \"Nuestro\" en este contrato) se refiere a NCC Legal B.V., Gosieweg 34, Unidad 3, Willemstad.<br \/>Agreement) refers to NCC Legal B.V., Gosieweg 34, Unit 3, Willemstad.<\/p>\n<p class=\" translation-block\">* Las Cookies son peque\u00f1os archivos que se crean en su ordenador, dispositivo m\u00f3vil o cualquier otro dispositivo por un sitio web, que contiene los detalles de su historial de navegaci\u00f3n en ese sitio web entre sus muchos usos.<\/p>\n<p>* El Pa\u00eds se refiere a Cura\u00e7ao<\/p>\n<p class=\" translation-block\">* Dispositivo se refiere a cualquier dispositivo con que pueda acceder al Servicio, como un ordenador, un tel\u00e9fono m\u00f3vil o una tableta digital.<\/p>\n<p class=\" translation-block\">* Datos personales es cualquier informaci\u00f3n que se refiera a un individuo identificado o identificable.<\/p>\n<p>* Servicio se refiere al sitio web.<\/p>\n<p class=\" translation-block\">* Proveedor de Servicios se refiere a cualquier persona f\u00edsica o jur\u00eddica que procesa los datos en nombre de la compa\u00f1\u00eda. Se refiere a otras empresas o terceras personas empleadas por la compa\u00f1\u00eda para facilitar el Servicio, proporcionar el Servicio en nombre de la compa\u00f1\u00eda, llevar a cabo servicios relacionados con el Servicio o ayudar a la compa\u00f1\u00eda a analizar c\u00f3mo se utiliza el Servicio.<\/p>\n<p class=\" translation-block\">* El t\u00e9rmino \"Servicio de Medios Sociales de Terceros\" se refiere a cualquier sitio web o red social a trav\u00e9s de la cual un usuario puede iniciar una sesi\u00f3n o crear una cuenta para utilizar el Servicio.<\/p>\n<p class=\" translation-block\">* Datos de Uso se refiere a los datos recogidos autom\u00e1ticamente, generados por el uso del Servicio o de la propia infraestructura del Servicio (por ejemplo, la duraci\u00f3n de la visita a una p\u00e1gina).<\/p>\n<p>* Sitio web se refiere a NCC Legal, accesible desde - http:\/\/www.ncclegal.com -<\/p>\n<p class=\" translation-block\">* Usted se refiere a la persona que accede o utiliza el Servicio, o a la empresa u otra entidad legal en nombre de la cual dicha persona accede o el Servicio, seg\u00fan sea el caso.<\/p>\n<h2>-Recolecci\u00f3n y uso de datos personales -<\/h2>\n<p>\u00a0<\/p>\n<h3>Tipos de datos recopilados <br \/>&#8212;&#8212;&#8212;&#8212;&#8212;&#8212;&#8212;&#8211;<br \/><br \/><\/h3>\n<h4>Datos Personales <br \/>~~~~~~~~~~~~~<\/h4>\n<p class=\" translation-block\">Al utilizar nuestro Servicio, podemos pedirle que nos proporcione cierta informaci\u00f3n de identificaci\u00f3n personal que puede ser utilizada para contactar con Usted o identificarle. La informaci\u00f3n de identificaci\u00f3n personal puede incluir sin estar limitada:<\/p>\n<p>* Direcci\u00f3n de correo electr\u00f3nico<\/p>\n<p>* Nombre y apellidos<\/p>\n<p>* N\u00famero de tel\u00e9fono<\/p>\n<p>* Datos de uso<\/p>\n<h4>Datos de Uso <br \/>~~~~~~~~~~<\/h4>\n<p>Los Datos de Uso se recogen autom\u00e1ticamente al utilizar el Servicio.<\/p>\n<p class=\" translation-block\">Los Datos de Uso pueden incluir informaci\u00f3n como la direcci\u00f3n del protocolo de Internet de su Dispositivo (por ejemplo, la direcci\u00f3n IP), el tipo de navegador, la versi\u00f3n del navegador, las p\u00e1ginas de nuestro Servicio que usted visita, la hora y la fecha de su visita, el tiempo empleado en esas p\u00e1ginas, los identificadores \u00fanicos del dispositivo y otros datos de diagn\u00f3stico.<\/p>\n<p class=\" translation-block\">Cuando usted accede al Servicio por o a trav\u00e9s de un dispositivo m\u00f3vil, podemos recoger cierta informaci\u00f3n autom\u00e1ticamente, incluyendo, sin limitar, el tipo de dispositivo m\u00f3vil que utiliza, el identificador \u00fanico de su dispositivo m\u00f3vil, la direcci\u00f3n IP de su dispositivo m\u00f3vil, su sistema operativo m\u00f3vil, el tipo de navegador de internet m\u00f3vil que utiliza, los identificadores \u00fanicos del dispositivo y otros datos de diagn\u00f3stico.<\/p>\n<p class=\" translation-block\">Tambi\u00e9n podemos recoger la informaci\u00f3n que su navegador env\u00eda cada vez que visita nuestro Servicio o cuando acceda al Servicio por o a trav\u00e9s de un dispositivo m\u00f3vil.<\/p>\n<h4>Cookies y tecnolog\u00edas de seguimiento <br \/>~~~~~~~~~~~~~~~~~~~~~~~~~~<\/h4>\n<p class=\" translation-block\">Utilizamos Cookies y tecnolog\u00edas de seguimiento similares para rastrear la actividad en nuestro Servicio y almacenar cierta informaci\u00f3n. Las tecnolog\u00edas de seguimiento utilizadas son se\u00f1ales de alerta e indentificadores para recoger,  rastrear informaci\u00f3n, mejorar y analizar nuestro Servicio. Las tecnolog\u00edas que utilizamos pueden incluir:<\/p>\n<p class=\" translation-block\">* Cookies o Cookies del Navegador. Una cookie es un peque\u00f1o archivo colocado en Su dispositivo. Usted puede indicar a su navegador que rechace todas las cookies o que le indique cu\u00e1ndo se env\u00eda una cookie. Sin embargo, si no acepta las cookies, es posible que no pueda utilizar algunas partes de nuestro Servicio. A menos que haya configurado su navegador para que las rechace, nuestro Servicio puede utilizar Cookies. \n<br>\n <br>* Cookies de Flash. Algunas funciones de nuestro Servicio pueden utilizar objetos almacenados localmente (o Flash Cookies) para recoger y almacenar informaci\u00f3n sobre sus preferencias o su actividad en nuestro Servicio. Las Flash Cookies no se gestionan a trav\u00e9s los mismos ajustes del navegador que los utilizados para las Cookies. Para m\u00e1s informaci\u00f3n sobre c\u00f3mo puede eliminar las Flash Cookies, por favor lea \"\u00bfD\u00f3nde puedo cambiar la configuraci\u00f3n para deshabilitar o eliminar los objetos compartidos localmente  disponible en -https:\/\/helpx.adobe.com\/flash-player\/kb\/disable-local-shared-objects- \nflash.html#main_Where_can_I_change_the_settings_for_disabling__or_deleting_local_shared_objects_- \n<br>\n<br>\n* Contador de visitas. Algunas secciones de nuestro Servicio y nuestros correos electr\u00f3nicos pueden contener peque\u00f1os archivos electr\u00f3nicos conocidos como contador de visitantes (tambi\u00e9n denominados clear gifs, etiquetas de p\u00edxel y gifs de un solo p\u00edxel) que permiten a la Compa\u00f1\u00eda, por ejemplo contar los usuarios que han visitado esas p\u00e1ginas o han abierto un correo electr\u00f3nico y para otras estad\u00edsticas relacionadas con el sitio web (por ejemplo, registrar la popularidad de una determinada secci\u00f3n y verificar la integridad del sistema y del servidor).<\/p>\n<p class=\" translation-block\">Las cookies pueden ser \"persistentes\" o \"de sesi\u00f3n\". Las cookies persistentes permanecen en su ordenador personal o dispositivo m\u00f3vil cuando se desconecta, mientras que las Cookies de sesi\u00f3n  se eliminan tan pronto como usted cierra su navegador. M\u00e1s informaci\u00f3n sobre las cookies: \u00bfQu\u00e9 son las cookies?(https:\/\/www.privacypolicies.com\/blog\/cookies\/)<\/p>\n<p>Utilizamos tanto Cookies de Sesi\u00f3n como Cookies Persistentes para los fines que se indican a continuaci\u00f3n:<\/p>\n<p>*Cookies necesarias\/esenciales<\/p>\n<p>Tipo: Cookies de sesi\u00f3n<\/p>\n<p>Administradas por: Nosotros<\/p>\n<p class=\" translation-block\">Finalidad: Estas Cookies son esenciales para proporcionar los servicios \n\ndisponibles a trav\u00e9s del Sitio Web y permitirle utilizar algunas de sus funciones. Ayudan a autentificar a los usuarios y a evitar el uso fraudulento de cuentas de usuario. Sin estas Cookies, los servicios que usted ha solicitado no pueden ser proporcionados y nosotros s\u00f3lo las utilizaremos para proporcionarle esos servicios.<\/p>\n<p>*Pol\u00edtica de cookies \/ Aviso de Aceptaci\u00f3n de las Cookies<\/p>\n<p>Tipo: Cookies Persistentes<\/p>\n<p>Administradas por: Nosotros<\/p>\n<p class=\" translation-block\">Finalidad: Estas Cookies identifican si los usuarios han aceptado el uso de cookies en el sitio web.<\/p>\n<p>*Funcionalidad de las Cookies<\/p>\n<p>Tipo: Cookies Persistentes<\/p>\n<p>Administradas por: Nosotros<\/p>\n<p class=\" translation-block\">Finalidad: Estas cookies nos permiten recordar las elecciones que usted hace cuando utiliza el sitio web, como recordar sus datos de acceso o su preferencia de lengua. El objetivo de estas cookies es proporcionarle una experiencia m\u00e1s \n\npersonal y evitar que tenga que volver a introducir sus preferencias cada vez que utilice el sitio web.<\/p>\n<p class=\" translation-block\">Para obtener m\u00e1s informaci\u00f3n sobre las cookies que utilizamos y sus opciones con respecto a cookies, por favor visite nuestra Pol\u00edtica de Cookies o la secci\u00f3n de Cookies en nuestra Pol\u00edtica de Privacidad.<\/p>\n<h4>Uso de sus datos personales <br \/>&#8212;&#8212;&#8212;&#8212;&#8212;&#8212;&#8212;&#8212;-<\/h4>\n<p>La empresa puede utilizar los Datos Personales para los siguientes fines:<\/p>\n<p class=\" translation-block\">* Proporcionar y mantener nuestro Servicio, incluyendo la supervisi\u00f3n del uso de nuestro Servicio.<\/p>\n<p class=\" translation-block\">* Para gestionar su Cuenta: para gestionar su registro como usuario del Servicio. Los Datos Personales que usted proporciona pueden darle acceso a diferentes funcionalidades del Servicio que est\u00e1n disponibles para Usted como usuario registrado.<\/p>\n<p class=\" translation-block\">* Para la ejecuci\u00f3n de un contrato: el desarrollo, cumplimiento y realizaci\u00f3n del contrato de compra de los productos, art\u00edculos o servicios que haya adquirido o de cualquier otro contrato con Nosotros a trav\u00e9s del Servicio.<\/p>\n<p class=\" translation-block\">* Ponerse en contacto con usted: Para ponernos en contacto con usted por correo electr\u00f3nico, llamadas telef\u00f3nicas, SMS u otras formas equivalentes de comunicaci\u00f3n electr\u00f3nica, como las notificaciones en aplicaci\u00f3n m\u00f3vil sobre actualizaciones o comunicaciones informativas relacionadas con las funcionalidades, productos o servicios contratados, incluidas las actualizaciones de seguridad, cuando sean necesarias o razonables para su implementaci\u00f3n.<\/p>\n<p class=\" translation-block\">* Proporcionarle noticias, ofertas especiales e informaci\u00f3n general sobre otros productos, servicios y eventos que ofrecemos y que son similares a los que ya ha comprado o consultado, a menos que haya optado por no recibir dicha informaci\u00f3n.<\/p>\n<p>* Gestionar sus solicitudes: Para atender y gestionar sus solicitudes.<\/p>\n<p class=\" translation-block\">* Para transferencias comerciales: Podemos utilizar sus datos para evaluar o realizar una fusi\u00f3n, desinversi\u00f3n, reestructuraci\u00f3n, reorganizaci\u00f3n, disoluci\u00f3n o transferencia de una parte o la totalidad de nuestros activos, ya sea como empresa solvente o como parte de un procedimiento de quiebra, liquidaci\u00f3n o algun procedimiento similar, en el que los datos personales que tenemos sobre los usuarios de nuestro Servicio est\u00e9n entre los activos transferidos.<\/p>\n<p class=\" translation-block\">* Para otros fines: Podemos utilizar su informaci\u00f3n para otros fines, como el an\u00e1lisis de datos, la identificaci\u00f3n de tendencias de uso, la determinaci\u00f3n de la eficacia de nuestras campa\u00f1as promocionales y para evaluar y mejorar nuestro Servicio, productos, marketing y su experiencia.<\/p>\n<p>Podemos compartir sus datos personales en las siguientes situaciones:<\/p>\n<p class=\" translation-block\">* Con proveedores de servicios: Podemos compartir sus datos personales con proveedores de servicios para supervisar y analizar el uso de nuestro Servicio, para \ncontactar con usted. \n<br>\n<br>\n* Para transferencias comerciales: Podemos compartir o transferir sus datos personales en relaci\u00f3n con, o durante las negociaciones de, cualquier fusi\u00f3n, venta de activos de la empresa, financiaci\u00f3n o adquisici\u00f3n de la totalidad o una parte de nuestro negocio a otra empresa. \n<br>\n<br>\n* Socios: Podemos compartir su informaci\u00f3n con nuestros socios, en cuyo caso exigiremos a dichos socios que respeten la presente Pol\u00edtica de Privacidad. Los socios son nuestra empresa matriz y cualquier otra subsidiaria, empresa conjunta u otras compa\u00f1\u00edas que controlamos o que est\u00e1n bajo nuestro control com\u00fan. \n<br>\n<br>\n* Socios comerciales: Podemos compartir sus datos personales con nuestros socios comerciales para poder ofrecerle determinados productos, servicios o promociones. \n<br>\n<br>\n* Otros usuarios: cuando usted comparte sus datos personales o interact\u00faa en \u00e1reas p\u00fablicas con otros usuarios, esta informaci\u00f3n puede ser vista por todos los usuarios y puede ser distribuida p\u00fablicamente en el exterior. Si Usted interact\u00faa con otros usuarios o se registra a trav\u00e9s de un Servicio de Medios Sociales de Terceros sus contactos en el Servicio de Medios Sociales de Terceros pueden ver su nombre, perfil, fotos y descripci\u00f3n de su actividad. Del mismo modo, otros usuarios podr\u00e1n ver las descripciones de su actividad, comunicarse con usted y ver su perfil. \n<br>\n<br>\n  * Consentimiento: Podemos revelar sus datos personales para cualquier otros fines con su consentimiento.<\/p>\n<h4>Conservaci\u00f3n de sus datos personales <br \/>&#8212;&#8212;&#8212;&#8212;&#8212;&#8212;&#8212;&#8212;&#8212;&#8212;&#8212;&#8212;&#8212;&#8212;&#8211;<\/h4>\n<p class=\" translation-block\">La empresa conservar\u00e1 sus datos personales s\u00f3lo durante el tiempo necesario para los fines establecidos en esta Pol\u00edtica de Privacidad. Conservaremos y utilizaremos sus datos personales en la medida en que sea necesaria para cumplir con nuestras obligaciones legales (por ejemplo, si estamos obligados a conservar sus datos para cumplir con las leyes aplicables), resolver disputas y hacer cumplir nuestros acuerdos y pol\u00edticas legales.<\/p>\n<p class=\" translation-block\">La Empresa tambi\u00e9n conservar\u00e1 los datos de uso para fines de an\u00e1lisis interno. El uso de los datos se conserva generalmente durante un per\u00edodo de tiempo m\u00e1s corto, excepto cuando estos datos se utilicen para reforzar la seguridad o mejorar la funcionalidad de nuestro servicio, o cuando estemos legalmente obligados a retener estos datos por per\u00edodos de tiempo m\u00e1s largos.<\/p>\n<h4>Transferencia de sus datos personales <br \/>&#8212;&#8212;&#8212;&#8212;&#8212;&#8212;&#8212;&#8212;&#8212;&#8212;&#8212;&#8212;&#8212;&#8212;<\/h4>\n<p class=\" translation-block\">Su informaci\u00f3n, incluidos sus datos personales, se procesa en las oficinas operativas de la Empresa y en cualquier otro lugar donde se encuentren las partes implicadas en el procesamiento. Esto significa que esta informaci\u00f3n puede ser transferida a o\/y mantenida en  ordenadores situados fuera de su estado, provincia, pa\u00eds u otra jurisdicci\u00f3n gubernamental en la que las leyes de protecci\u00f3n de datos personales puedan diferir con las de su jurisdicci\u00f3n.<\/p>\n<p class=\" translation-block\">Su consentimiento a esta Pol\u00edtica de Privacidad seguido de su env\u00edo de estan informaci\u00f3n representa su acuerdo con dicha transferencia.<\/p>\n<p class=\" translation-block\">La empresa tomar\u00e1 las medidas razonablemente necesarias para garantizar que sus datos personales se traten de forma segura y de acuerdo con esta Pol\u00edtica de Privacidad y no se realizar\u00e1 ninguna transferencia de sus datos personales a una organizaci\u00f3n o un pa\u00eds a menos que existan controles adecuados que incluyan la seguridad de sus datos y otros datos personales.<\/p>\n<h4>Divulgaci\u00f3n de sus datos personales <br \/>&#8212;&#8212;&#8212;&#8212;&#8212;&#8212;&#8212;&#8212;&#8212;&#8212;&#8212;&#8212;&#8212;&#8212;&#8212;<\/h4>\n<h4>Transacciones Comerciales <br \/>~~~~~~~~~~~~~~~~~~~~~<\/h4>\n<p>If the Company is involved in a merger, acquisition or asset sale, Your<br \/>Personal Data may be transferred. We will provide notice before Your Personal<br \/>Data is transferred and becomes subject to a different Privacy Policy.<\/p>\n<h4>Aplicaci\u00f3n de la ley <br \/>~~~~~~~~~~~~~~~<\/h4>\n<p class=\" translation-block\">Si la empresa participa en una fusi\u00f3n, adquisici\u00f3n o venta de activos, sus \n\nDatos Personales pueden ser transferidos. Le avisaremos antes de que sus datos personales se transfieran y queden sujetos a una pol\u00edtica de privacidad diferente.<\/p>\n<h4>Otros requisitos legales <br \/>~~~~~~~~~~~~~~~~~~~<\/h4>\n<p class=\" translation-block\">La empresa puede revelar sus datos personales si actua de buena fe que dicha \n\nacci\u00f3n es necesaria para:<\/p>\n<p class=\" translation-block\">* Cumplir con una obligaci\u00f3n legal \n<br>\n * Proteger y defender los derechos o la propiedad de la empresa \n<br>\n * Prevenir o investigar posibles infracciones en relaci\u00f3n con el servicio \n<br>\n * Proteger la seguridad personal de los usuarios del servicio o del p\u00fablico \n<br>\n * Proteger de la responsabilidad legal<\/p>\n<h4>Seguridad de sus datos personales <br \/>&#8212;&#8212;&#8212;&#8212;&#8212;&#8212;&#8212;&#8212;&#8212;&#8212;&#8212;&#8212;&#8212;&#8211;<\/h4>\n<p class=\" translation-block\">La seguridad de sus datos personales es importante para nosotros, pero recuerde que ning\u00fan m\u00e9todo de transmisi\u00f3n a trav\u00e9s del internet, o m\u00e9todo de almacenamiento electr\u00f3nico es 100% seguro. Aunque nos esforzamos por utilizar medios comercialmente aceptables para proteger sus datos personales, no podemos garantizar su absoluta seguridad.<\/p>\n<h2>Privacidad de los ni\u00f1os<\/h2>\n<p class=\" translation-block\">Nuestro servicio no se dirige a menores de 13 a\u00f1os. No recogemos conscientemente informaci\u00f3n personal identificable de cualquier persona menor de 13 a\u00f1os. Si usted es un padre o tutor y tiene conocimiento de que su hijo nos ha proporcionado datos personales, p\u00f3ngase en contacto con nosotros. Si tenemos conocimiento de que hemos recopilado datos personales de menores de 13 a\u00f1os sin haber verificado el consentimiento de los padres, tomaremos medidas para eliminar esa informaci\u00f3n de nuestros servidores.<\/p>\n<p class=\" translation-block\">Si tenemos que basarnos en el consentimiento como base legal para procesar su informaci\u00f3n y su pa\u00eds requiere el consentimiento de uno de los padres, buscaremos el consentimiento de los padres antes de recopilar y utilizar esa informaci\u00f3n.<\/p>\n<h2>- Enlaces a otros sitios web -<\/h2>\n<p class=\" translation-block\">Nuestro servicio puede contener enlaces a otros sitios web que no son gestionados por nosotros. Si usted hace clic en un enlace de un tercero, ser\u00e1 dirigido al sitio de ese tercero. Le recomendamos que revise la Pol\u00edtica de Privacidad de cada sitio que visite.<\/p>\n<p class=\" translation-block\">No tenemos ning\u00fan control ni asumimos ninguna responsabilidad por el contenido, las Pol\u00edticas de Privacidad o pr\u00e1cticas de los sitios o servicios de terceros.<\/p>\n<p>\u00a0<\/p>\n<h2>- Cambios en esta Pol\u00edtica de Privacidad -<br \/><br \/><\/h2>\n<p class=\" translation-block\">De vez en cuando podemos actualizar nuestra Pol\u00edtica de Privacidad. Le notificaremos cualquier cambio publicando la nueva Pol\u00edtica de Privacidad en esta p\u00e1gina.<\/p>\n<p class=\" translation-block\">Se lo comunicaremos por correo electr\u00f3nico y\/o mediante un aviso destacado en nuestro servicio, antes de que el cambio sea efectivo y actualizaremos la fecha de la \"\u00faltima actualizaci\u00f3n\" en la parte superior de esta Pol\u00edtica de Privacidad.<\/p>\n<p class=\" translation-block\">Se le aconseja que revise esta Pol\u00edtica de Privacidad peri\u00f3dicamente para ver si hay cambios. Los cambios en esta Pol\u00edtica de Privacidad entrar\u00e1n en vigor cuando se los publiquen en esta p\u00e1gina.<\/p>\n<h2>- Cont\u00e1ctenos -<\/h2>\n<p>Si tiene alguna duda sobre esta pol\u00edtica de privacidad, puede ponerse en contacto con nosotros:<\/p>\n<p>*Por correo electr\u00f3nico: info@ncclegal.com<\/p>\n<p>* Por esta p\u00e1gina en nuestro sitio web: (http:\/\/www.ncclegal.com\/contact)<\/p>\n<p><!-- \/wp:heading --><\/p>\t\t\t\t\t<\/div>\n\t\t\t\t\t\t<\/div>\n\t\t\t\t<\/div>\n\t\t\t\t<div class=\"elementor-element elementor-element-8678676 elementor-widget elementor-widget-spacer\" data-id=\"8678676\" data-element_type=\"widget\" data-settings=\"{&quot;ekit_we_effect_on&quot;:&quot;none&quot;}\" data-widget_type=\"spacer.default\">\n\t\t\t\t<div class=\"elementor-widget-container\">\n\t\t\t\t\t<div class=\"elementor-spacer\">\n\t\t\t<div class=\"elementor-spacer-inner\"><\/div>\n\t\t<\/div>\n\t\t\t\t<\/div>\n\t\t\t\t<\/div>\n\t\t\t\t\t\t<\/div>\n\t\t\t\t\t<\/div>\n\t\t<\/div>\n\t\t\t\t\t\t\t\t<\/div>\n\t\t\t\t\t<\/div>\n\t\t<\/section>\n\t\t\t\t\t\t<\/div>\n\t\t\t\t\t\t<\/div>\n\t\t\t\t\t<\/div>","protected":false},"excerpt":{"rendered":"<p>Privacy Policy Privacy Policy Last updated: February 16, 2021 This Privacy Policy describes Our policies and procedures on the collection,use and disclosure of Your information when You use the Service and tells Youabout Your privacy rights and how the law protects You. We use Your Personal data to provide and improve the Service. By using [&hellip;]<\/p>","protected":false},"author":1,"featured_media":0,"parent":0,"menu_order":0,"comment_status":"closed","ping_status":"open","template":"template\/full-width-template.php","meta":[],"_links":{"self":[{"href":"https:\/\/ncclegal.com\/es\/wp-json\/wp\/v2\/pages\/3"}],"collection":[{"href":"https:\/\/ncclegal.com\/es\/wp-json\/wp\/v2\/pages"}],"about":[{"href":"https:\/\/ncclegal.com\/es\/wp-json\/wp\/v2\/types\/page"}],"author":[{"embeddable":true,"href":"https:\/\/ncclegal.com\/es\/wp-json\/wp\/v2\/users\/1"}],"replies":[{"embeddable":true,"href":"https:\/\/ncclegal.com\/es\/wp-json\/wp\/v2\/comments?post=3"}],"version-history":[{"count":22,"href":"https:\/\/ncclegal.com\/es\/wp-json\/wp\/v2\/pages\/3\/revisions"}],"predecessor-version":[{"id":5248,"href":"https:\/\/ncclegal.com\/es\/wp-json\/wp\/v2\/pages\/3\/revisions\/5248"}],"wp:attachment":[{"href":"https:\/\/ncclegal.com\/es\/wp-json\/wp\/v2\/media?parent=3"}],"curies":[{"name":"wp","href":"https:\/\/api.w.org\/{rel}","templated":true}]}}